{"id":31858,"date":"2023-10-04T19:07:20","date_gmt":"2023-10-05T01:07:20","guid":{"rendered":"https:\/\/2gologistics.com\/contact-us\/"},"modified":"2024-02-22T16:49:47","modified_gmt":"2024-02-22T22:49:47","slug":"contact-us","status":"publish","type":"page","link":"https:\/\/2gologistics.com\/en\/contact.php","title":{"rendered":"Contact Us"},"content":{"rendered":"<h1>Contact Us<\/h1>\n<p>Our mission is to provide<br \/>\nsolutions for your logistical operations.<br \/>\nContact us for personalized attention.<\/p>\n<p><a href=\"tel:8002769606\"><br \/>\nLet\u2019s Talk<br \/>\n<\/a><br \/>\n<a href=\"mailto:info@pak2go.com\"><br \/>\nSend an email<br \/>\n<\/a><br \/>\n<img fetchpriority=\"high\" decoding=\"async\" src=\"https:\/\/2gologistics.com\/wp-content\/uploads\/2023\/10\/pak2go-contacto-1024x893.png\" sizes=\"(max-width: 800px) 100vw, 800px\" srcset=\"https:\/\/2gologistics.com\/wp-content\/uploads\/2023\/10\/pak2go-contacto-1024x893.png 1024w, https:\/\/2gologistics.com\/wp-content\/uploads\/2023\/10\/pak2go-contacto-300x262.png 300w, https:\/\/2gologistics.com\/wp-content\/uploads\/2023\/10\/pak2go-contacto-768x670.png 768w, https:\/\/2gologistics.com\/wp-content\/uploads\/2023\/10\/pak2go-contacto.png 1080w\" alt=\"\" width=\"800\" height=\"698\" \/><br \/>\nConnect your business with the entire World<br \/>\nwe have the connections<\/p>\n<p>We have a solid global connection that guarantees efficiency in every step of your shipments! Our strategic commercial alliances are the key to achieving an optimal and uncomplicated process.<\/p>\n\n\t\t\t<!-- START contactworld REVOLUTION SLIDER 6.5.3 --><p class=\"rs-p-wp-fix\"><\/p>\n\t\t\t<rs-module-wrap id=\"rev_slider_31_1_wrapper\" data-source=\"gallery\" style=\"visibility:hidden;background:transparent;padding:0;margin:0px auto;margin-top:0;margin-bottom:0;\">\n\t\t\t\t<rs-module id=\"rev_slider_31_1\" style=\"\" data-version=\"6.5.3\">\n\t\t\t\t\t<rs-slides>\n\t\t\t\t\t\t<rs-slide data-key=\"rs-39\" data-title=\"Slide\" data-in=\"o:0;\" data-out=\"a:false;\">\n\t\t\t\t\t\t\t<img decoding=\"async\" src=\"\/\/2gologistics.com\/wp-content\/plugins\/revslider\/public\/assets\/assets\/dummy.png\" alt=\"Slide\" title=\"Contact Us\" class=\"rev-slidebg tp-rs-img rs-lazyload\" data-lazyload=\"\/\/2gologistics.com\/wp-content\/plugins\/revslider\/public\/assets\/assets\/transparent.png\" data-no-retina>\n<!--\n\t\t\t\t\t\t\t--><rs-layer\n\t\t\t\t\t\t\t\tid=\"slider-31-slide-39-layer-0\" \n\t\t\t\t\t\t\t\tdata-type=\"image\"\n\t\t\t\t\t\t\t\tdata-rsp_ch=\"on\"\n\t\t\t\t\t\t\t\tdata-xy=\"x:c;y:m;\"\n\t\t\t\t\t\t\t\tdata-text=\"w:normal;s:20,20,20,7;l:0,0,0,9;\"\n\t\t\t\t\t\t\t\tdata-dim=\"w:550px,550px,550px,400px;h:['100%','100%','100%','100%'];\"\n\t\t\t\t\t\t\t\tdata-frame_999=\"o:0;st:w;\"\n\t\t\t\t\t\t\t\tstyle=\"z-index:8;\"\n\t\t\t\t\t\t\t><img decoding=\"async\" src=\"\/\/2gologistics.com\/wp-content\/plugins\/revslider\/public\/assets\/assets\/dummy.png\" class=\"tp-rs-img rs-lazyload\" width=\"1000\" height=\"1000\" data-lazyload=\"\/\/2gologistics.com\/wp-content\/uploads\/2023\/11\/2gologistics-world.png\" data-no-retina> \n\t\t\t\t\t\t\t<\/rs-layer><!--\n\n\t\t\t\t\t\t\t--><rs-layer\n\t\t\t\t\t\t\t\tid=\"slider-31-slide-39-layer-2\" \n\t\t\t\t\t\t\t\tdata-type=\"text\"\n\t\t\t\t\t\t\t\tdata-rsp_ch=\"on\"\n\t\t\t\t\t\t\t\tdata-xy=\"xo:387px,387px,387px,86px;yo:129px,129px,129px,80px;\"\n\t\t\t\t\t\t\t\tdata-text=\"w:normal;s:18,18,18,16;l:20,20,20,18;\"\n\t\t\t\t\t\t\t\tdata-padding=\"t:5,5,5,2;r:20,20,20,8;b:5,5,5,2;l:20,20,20,8;\"\n\t\t\t\t\t\t\t\tdata-border=\"bor:10px,10px,10px,10px;\"\n\t\t\t\t\t\t\t\tdata-frame_999=\"o:0;st:w;\"\n\t\t\t\t\t\t\t\tstyle=\"z-index:10;background-color:rgba(18,43,94,0.88);font-family:Poppins;\"\n\t\t\t\t\t\t\t><img decoding=\"async\" src=\"\/wp-content\/uploads\/2023\/11\/2gologistics-fletes.png\" width=\"30px\"><span style=\"font-weight:800;\">+ 21,600<\/span><br \/>\nFreight per year \n\t\t\t\t\t\t\t<\/rs-layer><!--\n\n\t\t\t\t\t\t\t--><rs-layer\n\t\t\t\t\t\t\t\tid=\"slider-31-slide-39-layer-3\" \n\t\t\t\t\t\t\t\tdata-type=\"text\"\n\t\t\t\t\t\t\t\tdata-rsp_ch=\"on\"\n\t\t\t\t\t\t\t\tdata-xy=\"xo:664px,664px,664px,253px;yo:151px,151px,151px,82px;\"\n\t\t\t\t\t\t\t\tdata-text=\"w:normal;s:18,18,18,16;l:20,20,20,18;\"\n\t\t\t\t\t\t\t\tdata-padding=\"t:5,5,5,2;r:20,20,20,8;b:5,5,5,2;l:20,20,20,8;\"\n\t\t\t\t\t\t\t\tdata-border=\"bor:10px,10px,10px,10px;\"\n\t\t\t\t\t\t\t\tdata-frame_999=\"o:0;st:w;\"\n\t\t\t\t\t\t\t\tstyle=\"z-index:9;background-color:rgba(18,43,94,0.88);font-family:Poppins;\"\n\t\t\t\t\t\t\t><img decoding=\"async\" src=\"\/wp-content\/uploads\/2023\/11\/2gologistics-toneladas.png\" width=\"30px\"><span style=\"font-weight:800;\">+  115<\/span><br \/>\nAir tons per year \n\t\t\t\t\t\t\t<\/rs-layer><!--\n\n\t\t\t\t\t\t\t--><rs-layer\n\t\t\t\t\t\t\t\tid=\"slider-31-slide-39-layer-4\" \n\t\t\t\t\t\t\t\tdata-type=\"text\"\n\t\t\t\t\t\t\t\tdata-rsp_ch=\"on\"\n\t\t\t\t\t\t\t\tdata-xy=\"xo:324px,324px,324px,33px;yo:318px,318px,318px,221px;\"\n\t\t\t\t\t\t\t\tdata-text=\"w:normal;s:18,18,18,16;l:20,20,20,18;\"\n\t\t\t\t\t\t\t\tdata-padding=\"t:5,5,5,2;r:20,20,20,8;b:5,5,5,2;l:20,20,20,8;\"\n\t\t\t\t\t\t\t\tdata-border=\"bor:10px,10px,10px,10px;\"\n\t\t\t\t\t\t\t\tdata-frame_999=\"o:0;st:w;\"\n\t\t\t\t\t\t\t\tstyle=\"z-index:9;background-color:rgba(18,43,94,0.88);font-family:Poppins;\"\n\t\t\t\t\t\t\t><img decoding=\"async\" src=\"\/wp-content\/uploads\/2023\/11\/2gologistics-contenedores.png\" width=\"30px\"><span style=\"font-weight:800;\">+  550<\/span><br \/>\nContainers per year \n\t\t\t\t\t\t\t<\/rs-layer><!--\n\n\t\t\t\t\t\t\t--><rs-layer\n\t\t\t\t\t\t\t\tid=\"slider-31-slide-39-layer-5\" \n\t\t\t\t\t\t\t\tdata-type=\"text\"\n\t\t\t\t\t\t\t\tdata-rsp_ch=\"on\"\n\t\t\t\t\t\t\t\tdata-xy=\"xo:711px,711px,711px,286px;yo:280px,280px,280px,200px;\"\n\t\t\t\t\t\t\t\tdata-text=\"w:normal;s:18,18,18,16;l:20,20,20,18;\"\n\t\t\t\t\t\t\t\tdata-padding=\"t:5,5,5,2;r:20,20,20,8;b:5,5,5,2;l:20,20,20,8;\"\n\t\t\t\t\t\t\t\tdata-border=\"bor:10px,10px,10px,10px;\"\n\t\t\t\t\t\t\t\tdata-frame_999=\"o:0;st:w;\"\n\t\t\t\t\t\t\t\tstyle=\"z-index:9;background-color:rgba(18,43,94,0.88);font-family:Poppins;\"\n\t\t\t\t\t\t\t><img decoding=\"async\" src=\"\/wp-content\/uploads\/2023\/11\/2gologistics-paquetes.png\" width=\"30px\"><span style=\"font-weight:800;\">+  1 million<\/span><br \/>\nPackages per year \n\t\t\t\t\t\t\t<\/rs-layer><!--\n-->\t\t\t\t\t\t<\/rs-slide>\n\t\t\t\t\t<\/rs-slides>\n\t\t\t\t<\/rs-module>\n\t\t\t\t<script type=\"text\/javascript\">\n\t\t\t\t\tsetREVStartSize({c: 'rev_slider_31_1',rl:[1240,1240,1240,480],el:[550,550,550,400],gw:[1240,1240,1240,480],gh:[550,550,550,400],type:'standard',justify:'',layout:'fullwidth',mh:\"0\"});\n\t\t\t\t<\/script>\n\t\t\t<\/rs-module-wrap>\n\t\t\t<!-- END REVOLUTION SLIDER -->\n\n","protected":false},"excerpt":{"rendered":"<p>Contact Us Our mission is to provide solutions for your logistical operations. Contact us for personalized attention. Let\u2019s Talk Send an email Connect your business with the entire World we have the connections We have a solid global connection that guarantees efficiency in every step of your shipments! Our strategic commercial alliances are the key [&hellip;]<\/p>\n","protected":false},"author":4,"featured_media":0,"parent":0,"menu_order":0,"comment_status":"closed","ping_status":"closed","template":"","meta":{"footnotes":""},"class_list":["post-31858","page","type-page","status-publish","hentry"],"yoast_head":"<!-- This site is optimized with the Yoast SEO plugin v24.4 - https:\/\/yoast.com\/wordpress\/plugins\/seo\/ -->\n<title>Contact Us - Fletes, Paqueter\u00eda y Env\u00edos Internacionales en M\u00e9xico<\/title>\n<meta name=\"robots\" content=\"index, follow, max-snippet:-1, max-image-preview:large, max-video-preview:-1\" \/>\n<link rel=\"canonical\" href=\"https:\/\/2gologistics.com\/en\/contact.php\" \/>\n<meta property=\"og:locale\" content=\"en_US\" \/>\n<meta property=\"og:type\" content=\"article\" \/>\n<meta property=\"og:title\" content=\"Contact Us - Fletes, Paqueter\u00eda y Env\u00edos Internacionales en M\u00e9xico\" \/>\n<meta property=\"og:description\" content=\"Contact Us Our mission is to provide solutions for your logistical operations. Contact us for personalized attention. Let\u2019s Talk Send an email Connect your business with the entire World we have the connections We have a solid global connection that guarantees efficiency in every step of your shipments! Our strategic commercial alliances are the key [&hellip;]\" \/>\n<meta property=\"og:url\" content=\"https:\/\/2gologistics.com\/en\/contact.php\" \/>\n<meta property=\"og:site_name\" content=\"Fletes, Paqueter\u00eda y Env\u00edos Internacionales en M\u00e9xico\" \/>\n<meta property=\"article:publisher\" content=\"https:\/\/www.facebook.com\/2gologistic\/\" \/>\n<meta property=\"article:modified_time\" content=\"2024-02-22T22:49:47+00:00\" \/>\n<meta property=\"og:image\" content=\"https:\/\/2gologistics.com\/wp-content\/uploads\/2023\/10\/pak2go-contacto-1024x893.png\" \/>\n<meta name=\"twitter:card\" content=\"summary_large_image\" \/>\n<meta name=\"twitter:label1\" content=\"Est. reading time\" \/>\n\t<meta name=\"twitter:data1\" content=\"1 minute\" \/>\n<script type=\"application\/ld+json\" class=\"yoast-schema-graph\">{\"@context\":\"https:\/\/schema.org\",\"@graph\":[{\"@type\":\"WebPage\",\"@id\":\"https:\/\/2gologistics.com\/en\/contact.php\",\"url\":\"https:\/\/2gologistics.com\/en\/contact.php\",\"name\":\"Contact Us - Fletes, Paqueter\u00eda y Env\u00edos Internacionales en M\u00e9xico\",\"isPartOf\":{\"@id\":\"https:\/\/2gologistics.com\/en\/#website\"},\"primaryImageOfPage\":{\"@id\":\"https:\/\/2gologistics.com\/en\/contact.php#primaryimage\"},\"image\":{\"@id\":\"https:\/\/2gologistics.com\/en\/contact.php#primaryimage\"},\"thumbnailUrl\":\"https:\/\/2gologistics.com\/wp-content\/uploads\/2023\/10\/pak2go-contacto-1024x893.png\",\"datePublished\":\"2023-10-05T01:07:20+00:00\",\"dateModified\":\"2024-02-22T22:49:47+00:00\",\"breadcrumb\":{\"@id\":\"https:\/\/2gologistics.com\/en\/contact.php#breadcrumb\"},\"inLanguage\":\"en-US\",\"potentialAction\":[{\"@type\":\"ReadAction\",\"target\":[\"https:\/\/2gologistics.com\/en\/contact.php\"]}]},{\"@type\":\"ImageObject\",\"inLanguage\":\"en-US\",\"@id\":\"https:\/\/2gologistics.com\/en\/contact.php#primaryimage\",\"url\":\"https:\/\/2gologistics.com\/wp-content\/uploads\/2023\/10\/pak2go-contacto-1024x893.png\",\"contentUrl\":\"https:\/\/2gologistics.com\/wp-content\/uploads\/2023\/10\/pak2go-contacto-1024x893.png\"},{\"@type\":\"BreadcrumbList\",\"@id\":\"https:\/\/2gologistics.com\/en\/contact.php#breadcrumb\",\"itemListElement\":[{\"@type\":\"ListItem\",\"position\":1,\"name\":\"Portada\",\"item\":\"https:\/\/2gologistics.com\/en\/\"},{\"@type\":\"ListItem\",\"position\":2,\"name\":\"Contact Us\"}]},{\"@type\":\"WebSite\",\"@id\":\"https:\/\/2gologistics.com\/en\/#website\",\"url\":\"https:\/\/2gologistics.com\/en\/\",\"name\":\"2GO Logistics - Fletes, Env\u00edos y Paqueter\u00eda\",\"description\":\"empresa de servicios log\u00edsticos: Flete nacional e internacional, paqueter\u00eda, a\u00e9reo, mar\u00edtimo y almac\u00e9n\",\"potentialAction\":[{\"@type\":\"SearchAction\",\"target\":{\"@type\":\"EntryPoint\",\"urlTemplate\":\"https:\/\/2gologistics.com\/en\/?s={search_term_string}\"},\"query-input\":{\"@type\":\"PropertyValueSpecification\",\"valueRequired\":true,\"valueName\":\"search_term_string\"}}],\"inLanguage\":\"en-US\"}]}<\/script>\n<!-- \/ Yoast SEO plugin. -->","yoast_head_json":{"title":"Contact Us - Fletes, Paqueter\u00eda y Env\u00edos Internacionales en M\u00e9xico","robots":{"index":"index","follow":"follow","max-snippet":"max-snippet:-1","max-image-preview":"max-image-preview:large","max-video-preview":"max-video-preview:-1"},"canonical":"https:\/\/2gologistics.com\/en\/contact.php","og_locale":"en_US","og_type":"article","og_title":"Contact Us - Fletes, Paqueter\u00eda y Env\u00edos Internacionales en M\u00e9xico","og_description":"Contact Us Our mission is to provide solutions for your logistical operations. Contact us for personalized attention. Let\u2019s Talk Send an email Connect your business with the entire World we have the connections We have a solid global connection that guarantees efficiency in every step of your shipments! Our strategic commercial alliances are the key [&hellip;]","og_url":"https:\/\/2gologistics.com\/en\/contact.php","og_site_name":"Fletes, Paqueter\u00eda y Env\u00edos Internacionales en M\u00e9xico","article_publisher":"https:\/\/www.facebook.com\/2gologistic\/","article_modified_time":"2024-02-22T22:49:47+00:00","og_image":[{"url":"https:\/\/2gologistics.com\/wp-content\/uploads\/2023\/10\/pak2go-contacto-1024x893.png","type":"","width":"","height":""}],"twitter_card":"summary_large_image","twitter_misc":{"Est. reading time":"1 minute"},"schema":{"@context":"https:\/\/schema.org","@graph":[{"@type":"WebPage","@id":"https:\/\/2gologistics.com\/en\/contact.php","url":"https:\/\/2gologistics.com\/en\/contact.php","name":"Contact Us - Fletes, Paqueter\u00eda y Env\u00edos Internacionales en M\u00e9xico","isPartOf":{"@id":"https:\/\/2gologistics.com\/en\/#website"},"primaryImageOfPage":{"@id":"https:\/\/2gologistics.com\/en\/contact.php#primaryimage"},"image":{"@id":"https:\/\/2gologistics.com\/en\/contact.php#primaryimage"},"thumbnailUrl":"https:\/\/2gologistics.com\/wp-content\/uploads\/2023\/10\/pak2go-contacto-1024x893.png","datePublished":"2023-10-05T01:07:20+00:00","dateModified":"2024-02-22T22:49:47+00:00","breadcrumb":{"@id":"https:\/\/2gologistics.com\/en\/contact.php#breadcrumb"},"inLanguage":"en-US","potentialAction":[{"@type":"ReadAction","target":["https:\/\/2gologistics.com\/en\/contact.php"]}]},{"@type":"ImageObject","inLanguage":"en-US","@id":"https:\/\/2gologistics.com\/en\/contact.php#primaryimage","url":"https:\/\/2gologistics.com\/wp-content\/uploads\/2023\/10\/pak2go-contacto-1024x893.png","contentUrl":"https:\/\/2gologistics.com\/wp-content\/uploads\/2023\/10\/pak2go-contacto-1024x893.png"},{"@type":"BreadcrumbList","@id":"https:\/\/2gologistics.com\/en\/contact.php#breadcrumb","itemListElement":[{"@type":"ListItem","position":1,"name":"Portada","item":"https:\/\/2gologistics.com\/en\/"},{"@type":"ListItem","position":2,"name":"Contact Us"}]},{"@type":"WebSite","@id":"https:\/\/2gologistics.com\/en\/#website","url":"https:\/\/2gologistics.com\/en\/","name":"2GO Logistics - Fletes, Env\u00edos y Paqueter\u00eda","description":"empresa de servicios log\u00edsticos: Flete nacional e internacional, paqueter\u00eda, a\u00e9reo, mar\u00edtimo y almac\u00e9n","potentialAction":[{"@type":"SearchAction","target":{"@type":"EntryPoint","urlTemplate":"https:\/\/2gologistics.com\/en\/?s={search_term_string}"},"query-input":{"@type":"PropertyValueSpecification","valueRequired":true,"valueName":"search_term_string"}}],"inLanguage":"en-US"}]}},"_links":{"self":[{"href":"https:\/\/2gologistics.com\/en\/wp-json\/wp\/v2\/pages\/31858","targetHints":{"allow":["GET"]}}],"collection":[{"href":"https:\/\/2gologistics.com\/en\/wp-json\/wp\/v2\/pages"}],"about":[{"href":"https:\/\/2gologistics.com\/en\/wp-json\/wp\/v2\/types\/page"}],"author":[{"embeddable":true,"href":"https:\/\/2gologistics.com\/en\/wp-json\/wp\/v2\/users\/4"}],"replies":[{"embeddable":true,"href":"https:\/\/2gologistics.com\/en\/wp-json\/wp\/v2\/comments?post=31858"}],"version-history":[{"count":7,"href":"https:\/\/2gologistics.com\/en\/wp-json\/wp\/v2\/pages\/31858\/revisions"}],"predecessor-version":[{"id":32826,"href":"https:\/\/2gologistics.com\/en\/wp-json\/wp\/v2\/pages\/31858\/revisions\/32826"}],"wp:attachment":[{"href":"https:\/\/2gologistics.com\/en\/wp-json\/wp\/v2\/media?parent=31858"}],"curies":[{"name":"wp","href":"https:\/\/api.w.org\/{rel}","templated":true}]}}