{"id":31813,"date":"2024-03-12T17:05:11","date_gmt":"2024-03-12T23:05:11","guid":{"rendered":"https:\/\/2gologistics.com\/cross-border\/"},"modified":"2024-02-29T14:06:16","modified_gmt":"2024-02-29T20:06:16","slug":"cross-border","status":"publish","type":"page","link":"https:\/\/2gologistics.com\/en\/cross-border\/","title":{"rendered":"Cross Border"},"content":{"rendered":"\t\t<div data-elementor-type=\"wp-page\" data-elementor-id=\"31813\" class=\"elementor elementor-31813 elementor-290\" data-elementor-post-type=\"page\">\n\t\t\t\t<div class=\"elementor-element elementor-element-9d73d6d e-flex e-con-boxed e-con e-parent\" data-id=\"9d73d6d\" data-element_type=\"container\">\n\t\t\t\t\t<div class=\"e-con-inner\">\n\t\t<div class=\"elementor-element elementor-element-74955a5 e-flex e-con-boxed e-con e-child\" data-id=\"74955a5\" data-element_type=\"container\">\n\t\t\t\t\t<div class=\"e-con-inner\">\n\t\t<div class=\"elementor-element elementor-element-073bc6a e-flex e-con-boxed e-con e-child\" data-id=\"073bc6a\" data-element_type=\"container\">\n\t\t\t\t\t<div class=\"e-con-inner\">\n\t\t\t\t<div class=\"elementor-element elementor-element-136228d elementor-widget elementor-widget-heading\" data-id=\"136228d\" data-element_type=\"widget\" data-widget_type=\"heading.default\">\n\t\t\t\t<div class=\"elementor-widget-container\">\n\t\t\t\t\t<h1 class=\"elementor-heading-title elementor-size-default\"><span style=\"color:#6e6d6d;font-weight:600\">CROSS BORDER <\/span>INTERNATIONAL TRANSPORTATION<\/h1>\t\t\t\t<\/div>\n\t\t\t\t<\/div>\n\t\t\t\t<div class=\"elementor-element elementor-element-1902127 elementor-widget elementor-widget-heading\" data-id=\"1902127\" data-element_type=\"widget\" data-widget_type=\"heading.default\">\n\t\t\t\t<div class=\"elementor-widget-container\">\n\t\t\t\t\t<p class=\"elementor-heading-title elementor-size-default\">At 2GO Logistics, we break down borders for your success.<br>\nContact us and expand your international market!<\/p>\t\t\t\t<\/div>\n\t\t\t\t<\/div>\n\t\t\t\t<div class=\"elementor-element elementor-element-2199035 elementor-widget elementor-widget-button\" data-id=\"2199035\" data-element_type=\"widget\" data-widget_type=\"button.default\">\n\t\t\t\t<div class=\"elementor-widget-container\">\n\t\t\t\t\t\t\t\t\t<div class=\"elementor-button-wrapper\">\n\t\t\t\t\t<a class=\"elementor-button elementor-button-link elementor-size-md\" href=\"#cotizar\">\n\t\t\t\t\t\t<span class=\"elementor-button-content-wrapper\">\n\t\t\t\t\t\t\t\t\t<span class=\"elementor-button-text\">Quote<\/span>\n\t\t\t\t\t<\/span>\n\t\t\t\t\t<\/a>\n\t\t\t\t<\/div>\n\t\t\t\t\t\t\t\t<\/div>\n\t\t\t\t<\/div>\n\t\t\t\t\t<\/div>\n\t\t\t\t<\/div>\n\t\t<div class=\"elementor-element elementor-element-4478151 e-flex e-con-boxed e-con e-child\" data-id=\"4478151\" data-element_type=\"container\">\n\t\t\t\t\t<div class=\"e-con-inner\">\n\t\t\t\t<div class=\"elementor-element elementor-element-37803b7 elementor-widget elementor-widget-image\" data-id=\"37803b7\" data-element_type=\"widget\" data-widget_type=\"image.default\">\n\t\t\t\t<div class=\"elementor-widget-container\">\n\t\t\t\t\t\t\t\t\t\t\t\t\t\t\t<img fetchpriority=\"high\" decoding=\"async\" width=\"800\" height=\"720\" src=\"https:\/\/2gologistics.com\/wp-content\/uploads\/2023\/09\/pak2go-Terrestre-Nacional-1024x922.png\" class=\"attachment-large size-large wp-image-31751\" alt=\"\" srcset=\"https:\/\/2gologistics.com\/wp-content\/uploads\/2023\/09\/pak2go-Terrestre-Nacional-1024x922.png 1024w, https:\/\/2gologistics.com\/wp-content\/uploads\/2023\/09\/pak2go-Terrestre-Nacional-300x270.png 300w, https:\/\/2gologistics.com\/wp-content\/uploads\/2023\/09\/pak2go-Terrestre-Nacional-768x691.png 768w, https:\/\/2gologistics.com\/wp-content\/uploads\/2023\/09\/pak2go-Terrestre-Nacional.png 1080w\" sizes=\"(max-width: 800px) 100vw, 800px\" \/>\t\t\t\t\t\t\t\t\t\t\t\t\t\t\t<\/div>\n\t\t\t\t<\/div>\n\t\t\t\t\t<\/div>\n\t\t\t\t<\/div>\n\t\t\t\t\t<\/div>\n\t\t\t\t<\/div>\n\t\t\t\t\t<\/div>\n\t\t\t\t<\/div>\n\t\t<div class=\"elementor-element elementor-element-61daaa9 e-con-full e-flex e-con e-parent\" data-id=\"61daaa9\" data-element_type=\"container\">\n\t\t<div class=\"elementor-element elementor-element-c714cab e-flex e-con-boxed e-con e-child\" data-id=\"c714cab\" data-element_type=\"container\">\n\t\t\t\t\t<div class=\"e-con-inner\">\n\t\t\t\t<div class=\"elementor-element elementor-element-eb89249 elementor-widget elementor-widget-heading\" data-id=\"eb89249\" data-element_type=\"widget\" data-widget_type=\"heading.default\">\n\t\t\t\t<div class=\"elementor-widget-container\">\n\t\t\t\t\t<h2 class=\"elementor-heading-title elementor-size-default\">Your Partner in Crossborder Logistics<\/h2>\t\t\t\t<\/div>\n\t\t\t\t<\/div>\n\t\t\t\t\t<\/div>\n\t\t\t\t<\/div>\n\t\t\t\t<\/div>\n\t\t<div class=\"elementor-element elementor-element-3f11f3c e-flex e-con-boxed e-con e-parent\" data-id=\"3f11f3c\" data-element_type=\"container\">\n\t\t\t\t\t<div class=\"e-con-inner\">\n\t\t<div class=\"elementor-element elementor-element-c50cebc e-flex e-con-boxed e-con e-child\" data-id=\"c50cebc\" data-element_type=\"container\">\n\t\t\t\t\t<div class=\"e-con-inner\">\n\t\t<div class=\"elementor-element elementor-element-bfccc07 e-flex e-con-boxed e-con e-child\" data-id=\"bfccc07\" data-element_type=\"container\">\n\t\t\t\t\t<div class=\"e-con-inner\">\n\t\t\t\t<div class=\"elementor-element elementor-element-68bd5e5 elementor-widget elementor-widget-image\" data-id=\"68bd5e5\" data-element_type=\"widget\" data-widget_type=\"image.default\">\n\t\t\t\t<div class=\"elementor-widget-container\">\n\t\t\t\t\t\t\t\t\t\t\t\t\t\t\t<img decoding=\"async\" width=\"600\" height=\"533\" src=\"https:\/\/2gologistics.com\/wp-content\/uploads\/2024\/02\/2gologistics-cross-border.png\" class=\"attachment-large size-large wp-image-33023\" alt=\"\" srcset=\"https:\/\/2gologistics.com\/wp-content\/uploads\/2024\/02\/2gologistics-cross-border.png 600w, https:\/\/2gologistics.com\/wp-content\/uploads\/2024\/02\/2gologistics-cross-border-300x267.png 300w\" sizes=\"(max-width: 600px) 100vw, 600px\" \/>\t\t\t\t\t\t\t\t\t\t\t\t\t\t\t<\/div>\n\t\t\t\t<\/div>\n\t\t\t\t\t<\/div>\n\t\t\t\t<\/div>\n\t\t<div class=\"elementor-element elementor-element-843b094 e-flex e-con-boxed e-con e-child\" data-id=\"843b094\" data-element_type=\"container\">\n\t\t\t\t\t<div class=\"e-con-inner\">\n\t\t\t\t<div class=\"elementor-element elementor-element-d520037 elementor-widget elementor-widget-image\" data-id=\"d520037\" data-element_type=\"widget\" data-widget_type=\"image.default\">\n\t\t\t\t<div class=\"elementor-widget-container\">\n\t\t\t\t\t\t\t\t\t\t\t\t\t\t\t<img decoding=\"async\" width=\"800\" height=\"886\" src=\"https:\/\/2gologistics.com\/wp-content\/uploads\/2023\/10\/mapa-crossborder-925x1024.png\" class=\"attachment-large size-large wp-image-31792\" alt=\"\" srcset=\"https:\/\/2gologistics.com\/wp-content\/uploads\/2023\/10\/mapa-crossborder-925x1024.png 925w, https:\/\/2gologistics.com\/wp-content\/uploads\/2023\/10\/mapa-crossborder-271x300.png 271w, https:\/\/2gologistics.com\/wp-content\/uploads\/2023\/10\/mapa-crossborder-768x850.png 768w, https:\/\/2gologistics.com\/wp-content\/uploads\/2023\/10\/mapa-crossborder-1388x1536.png 1388w, https:\/\/2gologistics.com\/wp-content\/uploads\/2023\/10\/mapa-crossborder.png 1693w\" sizes=\"(max-width: 800px) 100vw, 800px\" \/>\t\t\t\t\t\t\t\t\t\t\t\t\t\t\t<\/div>\n\t\t\t\t<\/div>\n\t\t\t\t\t<\/div>\n\t\t\t\t<\/div>\n\t\t\t\t\t<\/div>\n\t\t\t\t<\/div>\n\t\t\t\t\t<\/div>\n\t\t\t\t<\/div>\n\t\t<div class=\"elementor-element elementor-element-3b3cfe7 e-flex e-con-boxed e-con e-parent\" data-id=\"3b3cfe7\" data-element_type=\"container\">\n\t\t\t\t\t<div class=\"e-con-inner\">\n\t\t\t\t<div class=\"elementor-element elementor-element-a52b869 elementor-widget elementor-widget-heading\" data-id=\"a52b869\" data-element_type=\"widget\" data-widget_type=\"heading.default\">\n\t\t\t\t<div class=\"elementor-widget-container\">\n\t\t\t\t\t<p class=\"elementor-heading-title elementor-size-default\">Our mission is to aid you in breaking into new markets across the United States, Canada, and Central America. Leveraging our extensive knowledge of crossborder deliveries, we ensure the safe and efficient arrival of your goods to their destination.<\/p>\t\t\t\t<\/div>\n\t\t\t\t<\/div>\n\t\t\t\t<div class=\"elementor-element elementor-element-557e9fa elementor-widget elementor-widget-template\" data-id=\"557e9fa\" data-element_type=\"widget\" data-widget_type=\"template.default\">\n\t\t\t\t<div class=\"elementor-widget-container\">\n\t\t\t\t\t\t\t<div class=\"elementor-template\">\n\t\t\t\t\t<div data-elementor-type=\"container\" data-elementor-id=\"31800\" class=\"elementor elementor-31800 elementor-30995\" data-elementor-post-type=\"elementor_library\">\n\t\t\t\t<div class=\"elementor-element elementor-element-1a297722 e-flex e-con-boxed e-con e-parent\" data-id=\"1a297722\" data-element_type=\"container\" data-settings=\"{&quot;background_background&quot;:&quot;classic&quot;}\">\n\t\t\t\t\t<div class=\"e-con-inner\">\n\t\t<div class=\"elementor-element elementor-element-127f5328 e-con-full e-flex e-con e-child\" data-id=\"127f5328\" data-element_type=\"container\">\n\t\t\t\t<div class=\"elementor-element elementor-element-1e3e1b20 elementor-widget elementor-widget-heading\" data-id=\"1e3e1b20\" data-element_type=\"widget\" data-widget_type=\"heading.default\">\n\t\t\t\t<div class=\"elementor-widget-container\">\n\t\t\t\t\t<span class=\"elementor-heading-title elementor-size-default\">Contact Us<\/span>\t\t\t\t<\/div>\n\t\t\t\t<\/div>\n\t\t<div class=\"elementor-element elementor-element-a3a098d e-flex e-con-boxed e-con e-child\" data-id=\"a3a098d\" data-element_type=\"container\">\n\t\t\t\t\t<div class=\"e-con-inner\">\n\t\t<div class=\"elementor-element elementor-element-436eb3c e-con-full e-flex e-con e-child\" data-id=\"436eb3c\" data-element_type=\"container\">\n\t\t\t\t<div class=\"elementor-element elementor-element-979b1ac elementor-hidden-desktop elementor-hidden-tablet elementor-widget elementor-widget-image\" data-id=\"979b1ac\" data-element_type=\"widget\" data-widget_type=\"image.default\">\n\t\t\t\t<div class=\"elementor-widget-container\">\n\t\t\t\t\t\t\t\t\t\t\t\t\t\t\t<img loading=\"lazy\" decoding=\"async\" width=\"800\" height=\"766\" src=\"https:\/\/2gologistics.com\/wp-content\/uploads\/2023\/10\/imagen-de-formulario.png\" class=\"attachment-large size-large wp-image-31789\" alt=\"\" srcset=\"https:\/\/2gologistics.com\/wp-content\/uploads\/2023\/10\/imagen-de-formulario.png 1001w, https:\/\/2gologistics.com\/wp-content\/uploads\/2023\/10\/imagen-de-formulario-300x287.png 300w, https:\/\/2gologistics.com\/wp-content\/uploads\/2023\/10\/imagen-de-formulario-768x736.png 768w\" sizes=\"(max-width: 800px) 100vw, 800px\" \/>\t\t\t\t\t\t\t\t\t\t\t\t\t\t\t<\/div>\n\t\t\t\t<\/div>\n\t\t\t\t<\/div>\n\t\t<div class=\"elementor-element elementor-element-8a2cef3 e-con-full e-flex e-con e-child\" data-id=\"8a2cef3\" data-element_type=\"container\">\n\t\t\t\t<div class=\"elementor-element elementor-element-36bba1b elementor-widget-mobile__width-initial elementor-icon-list--layout-traditional elementor-list-item-link-full_width elementor-widget elementor-widget-icon-list\" data-id=\"36bba1b\" data-element_type=\"widget\" data-widget_type=\"icon-list.default\">\n\t\t\t\t<div class=\"elementor-widget-container\">\n\t\t\t\t\t\t\t<ul class=\"elementor-icon-list-items\">\n\t\t\t\t\t\t\t<li class=\"elementor-icon-list-item\">\n\t\t\t\t\t\t\t\t\t\t\t<span class=\"elementor-icon-list-icon\">\n\t\t\t\t\t\t\t<i aria-hidden=\"true\" class=\"fas fa-circle\"><\/i>\t\t\t\t\t\t<\/span>\n\t\t\t\t\t\t\t\t\t\t<span class=\"elementor-icon-list-text\">Immediate quotes<\/span>\n\t\t\t\t\t\t\t\t\t<\/li>\n\t\t\t\t\t\t\t\t<li class=\"elementor-icon-list-item\">\n\t\t\t\t\t\t\t\t\t\t\t<span class=\"elementor-icon-list-icon\">\n\t\t\t\t\t\t\t<i aria-hidden=\"true\" class=\"fas fa-circle\"><\/i>\t\t\t\t\t\t<\/span>\n\t\t\t\t\t\t\t\t\t\t<span class=\"elementor-icon-list-text\">Positioned within 24 hours.<\/span>\n\t\t\t\t\t\t\t\t\t<\/li>\n\t\t\t\t\t\t\t\t<li class=\"elementor-icon-list-item\">\n\t\t\t\t\t\t\t\t\t\t\t<span class=\"elementor-icon-list-icon\">\n\t\t\t\t\t\t\t<i aria-hidden=\"true\" class=\"fas fa-circle\"><\/i>\t\t\t\t\t\t<\/span>\n\t\t\t\t\t\t\t\t\t\t<span class=\"elementor-icon-list-text\">Availability and coverage<\/span>\n\t\t\t\t\t\t\t\t\t<\/li>\n\t\t\t\t\t\t<\/ul>\n\t\t\t\t\t\t<\/div>\n\t\t\t\t<\/div>\n\t\t\t\t<\/div>\n\t\t\t\t\t<\/div>\n\t\t\t\t<\/div>\n\t\t\t\t<div class=\"elementor-element elementor-element-a57ed42 elementor-hidden-mobile elementor-widget elementor-widget-image\" data-id=\"a57ed42\" data-element_type=\"widget\" data-widget_type=\"image.default\">\n\t\t\t\t<div class=\"elementor-widget-container\">\n\t\t\t\t\t\t\t\t\t\t\t\t\t\t\t<img loading=\"lazy\" decoding=\"async\" width=\"300\" height=\"287\" src=\"https:\/\/2gologistics.com\/wp-content\/uploads\/2023\/10\/imagen-de-formulario-300x287.png\" class=\"attachment-medium size-medium wp-image-31789\" alt=\"\" srcset=\"https:\/\/2gologistics.com\/wp-content\/uploads\/2023\/10\/imagen-de-formulario-300x287.png 300w, https:\/\/2gologistics.com\/wp-content\/uploads\/2023\/10\/imagen-de-formulario-768x736.png 768w, https:\/\/2gologistics.com\/wp-content\/uploads\/2023\/10\/imagen-de-formulario.png 1001w\" sizes=\"(max-width: 300px) 100vw, 300px\" \/>\t\t\t\t\t\t\t\t\t\t\t\t\t\t\t<\/div>\n\t\t\t\t<\/div>\n\t\t\t\t<\/div>\n\t\t<div class=\"elementor-element elementor-element-6a98d2ae e-con-full e-flex e-con e-child\" data-id=\"6a98d2ae\" data-element_type=\"container\">\n\t\t\t\t<div class=\"elementor-element elementor-element-1d22f201 elementor-widget elementor-widget-text-editor\" data-id=\"1d22f201\" data-element_type=\"widget\" data-widget_type=\"text-editor.default\">\n\t\t\t\t<div class=\"elementor-widget-container\">\n\t\t\t\t\t\t\t\t\t<p>\n<div class=\"wpcf7 no-js\" id=\"wpcf7-f31803-o1\" lang=\"en-US\" dir=\"ltr\" data-wpcf7-id=\"31803\">\n<div class=\"screen-reader-response\"><p role=\"status\" aria-live=\"polite\" aria-atomic=\"true\"><\/p> <ul><\/ul><\/div>\n<form action=\"\/en\/wp-json\/wp\/v2\/pages\/31813#wpcf7-f31803-o1\" method=\"post\" class=\"wpcf7-form init\" aria-label=\"Contact form\" novalidate=\"novalidate\" data-status=\"init\">\n<div style=\"display: none;\">\n<input type=\"hidden\" name=\"_wpcf7\" value=\"31803\" \/>\n<input type=\"hidden\" name=\"_wpcf7_version\" value=\"6.0.4\" \/>\n<input type=\"hidden\" name=\"_wpcf7_locale\" value=\"en_US\" \/>\n<input type=\"hidden\" name=\"_wpcf7_unit_tag\" value=\"wpcf7-f31803-o1\" \/>\n<input type=\"hidden\" name=\"_wpcf7_container_post\" value=\"0\" \/>\n<input type=\"hidden\" name=\"_wpcf7_posted_data_hash\" value=\"\" \/>\n<input type=\"hidden\" name=\"_wpcf7_recaptcha_response\" value=\"\" \/>\n<\/div>\n<div class=\"form-pak2\">\n\t<div class=\"form-item\">\n\t\t<p><label> Name<br \/>\n<span class=\"wpcf7-form-control-wrap\" data-name=\"nombre\"><input size=\"40\" maxlength=\"400\" class=\"wpcf7-form-control wpcf7-text wpcf7-validates-as-required\" autocomplete=\"nombre\" aria-required=\"true\" aria-invalid=\"false\" value=\"\" type=\"text\" name=\"nombre\" \/><\/span> <\/label>\n\t\t<\/p>\n\t<\/div>\n\t<div class=\"form-item\">\n\t\t<p><label> Email<br \/>\n<span class=\"wpcf7-form-control-wrap\" data-name=\"correo\"><input size=\"40\" maxlength=\"400\" class=\"wpcf7-form-control wpcf7-email wpcf7-validates-as-required wpcf7-text wpcf7-validates-as-email\" autocomplete=\"correo\" aria-required=\"true\" aria-invalid=\"false\" value=\"\" type=\"email\" name=\"correo\" \/><\/span> <\/label>\n\t\t<\/p>\n\t<\/div>\n\t<div class=\"form-item\">\n\t\t<p><label> Phone<br \/>\n<span class=\"wpcf7-form-control-wrap\" data-name=\"telefono\"><input size=\"40\" maxlength=\"400\" class=\"wpcf7-form-control wpcf7-text wpcf7-validates-as-required\" autocomplete=\"telefono\" aria-required=\"true\" aria-invalid=\"false\" value=\"\" type=\"text\" name=\"telefono\" \/><\/span> <\/label>\n\t\t<\/p>\n\t<\/div>\n\t<div class=\"form-item\">\n\t\t<p><label> Service<br \/>\n<span class=\"wpcf7-form-control-wrap\" data-name=\"servicio\"><input size=\"40\" maxlength=\"400\" class=\"wpcf7-form-control wpcf7-text wpcf7-validates-as-required\" aria-required=\"true\" aria-invalid=\"false\" value=\"\" type=\"text\" name=\"servicio\" \/><\/span> <\/label>\n\t\t<\/p>\n\t<\/div>\n\t<div class=\"form-item form-description\">\n\t\t<p><label> Notes<br \/>\n<span class=\"wpcf7-form-control-wrap\" data-name=\"your-message\"><textarea cols=\"40\" rows=\"10\" maxlength=\"2000\" class=\"wpcf7-form-control wpcf7-textarea\" aria-invalid=\"false\" name=\"your-message\"><\/textarea><\/span> <\/label>\n\t\t<\/p>\n\t<\/div>\n\t<div class=\"form-item\">\n\t\t<p><input class=\"wpcf7-form-control wpcf7-submit has-spinner\" type=\"submit\" value=\"Enviar\" \/>\n\t\t<\/p>\n\t<\/div>\n<\/div><p style=\"display: none !important;\" class=\"akismet-fields-container\" data-prefix=\"_wpcf7_ak_\"><label>&#916;<textarea name=\"_wpcf7_ak_hp_textarea\" cols=\"45\" rows=\"8\" maxlength=\"100\"><\/textarea><\/label><input type=\"hidden\" id=\"ak_js_1\" name=\"_wpcf7_ak_js\" value=\"142\"\/><script>document.getElementById( \"ak_js_1\" ).setAttribute( \"value\", ( new Date() ).getTime() );<\/script><\/p><input type='hidden' class='wpcf7-pum' value='{\"closepopup\":false,\"closedelay\":0,\"openpopup\":false,\"openpopup_id\":0}' \/><div class=\"wpcf7-response-output\" aria-hidden=\"true\"><\/div>\n<\/form>\n<\/div>\n<\/p>\n\t\t\t\t\t\t\t\t<\/div>\n\t\t\t\t<\/div>\n\t\t\t\t<\/div>\n\t\t\t\t\t<\/div>\n\t\t\t\t<\/div>\n\t\t\t\t<\/div>\n\t\t\t\t<\/div>\n\t\t\t\t\t\t<\/div>\n\t\t\t\t<\/div>\n\t\t\t\t\t<\/div>\n\t\t\t\t<\/div>\n\t\t\t\t<\/div>\n\t\t","protected":false},"excerpt":{"rendered":"<p>CROSS BORDER INTERNATIONAL TRANSPORTATION At 2GO Logistics, we break down borders for your success. Contact us and expand your international market! Quote Your Partner in Crossborder Logistics Our mission is to aid you in breaking into new markets across the United States, Canada, and Central America. Leveraging our extensive knowledge of crossborder deliveries, we ensure [&hellip;]<\/p>\n","protected":false},"author":4,"featured_media":0,"parent":0,"menu_order":0,"comment_status":"closed","ping_status":"closed","template":"","meta":{"footnotes":""},"class_list":["post-31813","page","type-page","status-publish","hentry"],"yoast_head":"<!-- This site is optimized with the Yoast SEO plugin v24.4 - https:\/\/yoast.com\/wordpress\/plugins\/seo\/ -->\n<title>Cross Border - International Transportation<\/title>\n<meta name=\"description\" content=\"Our mission is to aid you in breaking into new markets across the United States, Canada, and Central America\" \/>\n<meta name=\"robots\" content=\"index, follow, max-snippet:-1, max-image-preview:large, max-video-preview:-1\" \/>\n<link rel=\"canonical\" href=\"https:\/\/2gologistics.com\/en\/cross-border\/\" \/>\n<meta property=\"og:locale\" content=\"en_US\" \/>\n<meta property=\"og:type\" content=\"article\" \/>\n<meta property=\"og:title\" content=\"Cross Border - International Transportation\" \/>\n<meta property=\"og:description\" content=\"Our mission is to aid you in breaking into new markets across the United States, Canada, and Central America\" \/>\n<meta property=\"og:url\" content=\"https:\/\/2gologistics.com\/en\/cross-border\/\" \/>\n<meta property=\"og:site_name\" content=\"Fletes, Paqueter\u00eda y Env\u00edos Internacionales en M\u00e9xico\" \/>\n<meta property=\"article:publisher\" content=\"https:\/\/www.facebook.com\/2gologistic\/\" \/>\n<meta property=\"og:image\" content=\"https:\/\/2gologistics.com\/wp-content\/uploads\/2023\/09\/pak2go-Terrestre-Nacional-1024x922.png\" \/>\n<meta name=\"twitter:card\" content=\"summary_large_image\" \/>\n<meta name=\"twitter:label1\" content=\"Est. reading time\" \/>\n\t<meta name=\"twitter:data1\" content=\"2 minutes\" \/>\n<script type=\"application\/ld+json\" class=\"yoast-schema-graph\">{\"@context\":\"https:\/\/schema.org\",\"@graph\":[{\"@type\":\"WebPage\",\"@id\":\"https:\/\/2gologistics.com\/en\/cross-border\/\",\"url\":\"https:\/\/2gologistics.com\/en\/cross-border\/\",\"name\":\"Cross Border - International Transportation\",\"isPartOf\":{\"@id\":\"https:\/\/2gologistics.com\/en\/#website\"},\"primaryImageOfPage\":{\"@id\":\"https:\/\/2gologistics.com\/en\/cross-border\/#primaryimage\"},\"image\":{\"@id\":\"https:\/\/2gologistics.com\/en\/cross-border\/#primaryimage\"},\"thumbnailUrl\":\"https:\/\/2gologistics.com\/wp-content\/uploads\/2023\/09\/pak2go-Terrestre-Nacional-1024x922.png\",\"datePublished\":\"2024-03-12T23:05:11+00:00\",\"description\":\"Our mission is to aid you in breaking into new markets across the United States, Canada, and Central America\",\"breadcrumb\":{\"@id\":\"https:\/\/2gologistics.com\/en\/cross-border\/#breadcrumb\"},\"inLanguage\":\"en-US\",\"potentialAction\":[{\"@type\":\"ReadAction\",\"target\":[\"https:\/\/2gologistics.com\/en\/cross-border\/\"]}]},{\"@type\":\"ImageObject\",\"inLanguage\":\"en-US\",\"@id\":\"https:\/\/2gologistics.com\/en\/cross-border\/#primaryimage\",\"url\":\"https:\/\/2gologistics.com\/wp-content\/uploads\/2023\/09\/pak2go-Terrestre-Nacional-1024x922.png\",\"contentUrl\":\"https:\/\/2gologistics.com\/wp-content\/uploads\/2023\/09\/pak2go-Terrestre-Nacional-1024x922.png\"},{\"@type\":\"BreadcrumbList\",\"@id\":\"https:\/\/2gologistics.com\/en\/cross-border\/#breadcrumb\",\"itemListElement\":[{\"@type\":\"ListItem\",\"position\":1,\"name\":\"Portada\",\"item\":\"https:\/\/2gologistics.com\/en\/\"},{\"@type\":\"ListItem\",\"position\":2,\"name\":\"Cross Border\"}]},{\"@type\":\"WebSite\",\"@id\":\"https:\/\/2gologistics.com\/en\/#website\",\"url\":\"https:\/\/2gologistics.com\/en\/\",\"name\":\"2GO Logistics - Fletes, Env\u00edos y Paqueter\u00eda\",\"description\":\"empresa de servicios log\u00edsticos: Flete nacional e internacional, paqueter\u00eda, a\u00e9reo, mar\u00edtimo y almac\u00e9n\",\"potentialAction\":[{\"@type\":\"SearchAction\",\"target\":{\"@type\":\"EntryPoint\",\"urlTemplate\":\"https:\/\/2gologistics.com\/en\/?s={search_term_string}\"},\"query-input\":{\"@type\":\"PropertyValueSpecification\",\"valueRequired\":true,\"valueName\":\"search_term_string\"}}],\"inLanguage\":\"en-US\"}]}<\/script>\n<!-- \/ Yoast SEO plugin. -->","yoast_head_json":{"title":"Cross Border - International Transportation","description":"Our mission is to aid you in breaking into new markets across the United States, Canada, and Central America","robots":{"index":"index","follow":"follow","max-snippet":"max-snippet:-1","max-image-preview":"max-image-preview:large","max-video-preview":"max-video-preview:-1"},"canonical":"https:\/\/2gologistics.com\/en\/cross-border\/","og_locale":"en_US","og_type":"article","og_title":"Cross Border - International Transportation","og_description":"Our mission is to aid you in breaking into new markets across the United States, Canada, and Central America","og_url":"https:\/\/2gologistics.com\/en\/cross-border\/","og_site_name":"Fletes, Paqueter\u00eda y Env\u00edos Internacionales en M\u00e9xico","article_publisher":"https:\/\/www.facebook.com\/2gologistic\/","og_image":[{"url":"https:\/\/2gologistics.com\/wp-content\/uploads\/2023\/09\/pak2go-Terrestre-Nacional-1024x922.png","type":"","width":"","height":""}],"twitter_card":"summary_large_image","twitter_misc":{"Est. reading time":"2 minutes"},"schema":{"@context":"https:\/\/schema.org","@graph":[{"@type":"WebPage","@id":"https:\/\/2gologistics.com\/en\/cross-border\/","url":"https:\/\/2gologistics.com\/en\/cross-border\/","name":"Cross Border - International Transportation","isPartOf":{"@id":"https:\/\/2gologistics.com\/en\/#website"},"primaryImageOfPage":{"@id":"https:\/\/2gologistics.com\/en\/cross-border\/#primaryimage"},"image":{"@id":"https:\/\/2gologistics.com\/en\/cross-border\/#primaryimage"},"thumbnailUrl":"https:\/\/2gologistics.com\/wp-content\/uploads\/2023\/09\/pak2go-Terrestre-Nacional-1024x922.png","datePublished":"2024-03-12T23:05:11+00:00","description":"Our mission is to aid you in breaking into new markets across the United States, Canada, and Central America","breadcrumb":{"@id":"https:\/\/2gologistics.com\/en\/cross-border\/#breadcrumb"},"inLanguage":"en-US","potentialAction":[{"@type":"ReadAction","target":["https:\/\/2gologistics.com\/en\/cross-border\/"]}]},{"@type":"ImageObject","inLanguage":"en-US","@id":"https:\/\/2gologistics.com\/en\/cross-border\/#primaryimage","url":"https:\/\/2gologistics.com\/wp-content\/uploads\/2023\/09\/pak2go-Terrestre-Nacional-1024x922.png","contentUrl":"https:\/\/2gologistics.com\/wp-content\/uploads\/2023\/09\/pak2go-Terrestre-Nacional-1024x922.png"},{"@type":"BreadcrumbList","@id":"https:\/\/2gologistics.com\/en\/cross-border\/#breadcrumb","itemListElement":[{"@type":"ListItem","position":1,"name":"Portada","item":"https:\/\/2gologistics.com\/en\/"},{"@type":"ListItem","position":2,"name":"Cross Border"}]},{"@type":"WebSite","@id":"https:\/\/2gologistics.com\/en\/#website","url":"https:\/\/2gologistics.com\/en\/","name":"2GO Logistics - Fletes, Env\u00edos y Paqueter\u00eda","description":"empresa de servicios log\u00edsticos: Flete nacional e internacional, paqueter\u00eda, a\u00e9reo, mar\u00edtimo y almac\u00e9n","potentialAction":[{"@type":"SearchAction","target":{"@type":"EntryPoint","urlTemplate":"https:\/\/2gologistics.com\/en\/?s={search_term_string}"},"query-input":{"@type":"PropertyValueSpecification","valueRequired":true,"valueName":"search_term_string"}}],"inLanguage":"en-US"}]}},"_links":{"self":[{"href":"https:\/\/2gologistics.com\/en\/wp-json\/wp\/v2\/pages\/31813","targetHints":{"allow":["GET"]}}],"collection":[{"href":"https:\/\/2gologistics.com\/en\/wp-json\/wp\/v2\/pages"}],"about":[{"href":"https:\/\/2gologistics.com\/en\/wp-json\/wp\/v2\/types\/page"}],"author":[{"embeddable":true,"href":"https:\/\/2gologistics.com\/en\/wp-json\/wp\/v2\/users\/4"}],"replies":[{"embeddable":true,"href":"https:\/\/2gologistics.com\/en\/wp-json\/wp\/v2\/comments?post=31813"}],"version-history":[{"count":6,"href":"https:\/\/2gologistics.com\/en\/wp-json\/wp\/v2\/pages\/31813\/revisions"}],"predecessor-version":[{"id":33029,"href":"https:\/\/2gologistics.com\/en\/wp-json\/wp\/v2\/pages\/31813\/revisions\/33029"}],"wp:attachment":[{"href":"https:\/\/2gologistics.com\/en\/wp-json\/wp\/v2\/media?parent=31813"}],"curies":[{"name":"wp","href":"https:\/\/api.w.org\/{rel}","templated":true}]}}